{"id":221,"date":"2021-03-25T20:36:24","date_gmt":"2021-03-25T19:36:24","guid":{"rendered":"http:\/\/clg-victor-hugo-bourges.tice.ac-orleans-tours.fr\/php5\/?page_id=221"},"modified":"2021-03-25T20:36:25","modified_gmt":"2021-03-25T19:36:25","slug":"association-sportive-du-college","status":"publish","type":"page","link":"http:\/\/clg-victor-hugo-bourges.tice.ac-orleans-tours.fr\/php5\/association-sportive-du-college\/","title":{"rendered":"Association Sportive du coll\u00e8ge"},"content":{"rendered":"\n<p>L\u2019AS est une association dans laquelle les \u00e9l\u00e8ves peuvent d\u00e9couvrir et pratiquer diverses activit\u00e9s sportives.<\/p>\n\n\n\n<p>Ces activit\u00e9s sont encadr\u00e9es par tous les professeurs d\u2019EPS du coll\u00e8ge.<\/p>\n\n\n\n<p><strong>Quels objectifs pour notre AS&nbsp;?<\/strong><\/p>\n\n\n\n<ul><li><em>Prendre du plaisir<\/em> en venant&nbsp;<em>&nbsp;s\u2019entra\u00eener<\/em> ou participer aux comp\u00e9titions.<\/li><li><em>D\u00e9velopper ses comp\u00e9tences sportives<\/em> par des entra\u00eenements r\u00e9guliers, des comp\u00e9titions.<\/li><li><em>Ouvrir le coll\u00e8ge vers l\u2019ext\u00e9rieur<\/em> en rencontrant d\u2019autres \u00e9l\u00e8ves lors des comp\u00e9titions organis\u00e9es au sein de notre district, voire au sein du d\u00e9partement ou de l\u2019acad\u00e9mie.<\/li><li><em>Prendre des responsabilit\u00e9s&nbsp;<\/em>\u00e0 travers diff\u00e9rents r\u00f4les&nbsp;: jeune juge, arbitre, organisateur\u2026 qui \u00e9veillent le sens critique, pousse les \u00e9l\u00e8ves \u00e0 faire des choix, \u00e0 \u00e9mettre un avis.<\/li><li><em>Pratiquer des activit\u00e9s sportives \u00e0 un moindre co\u00fbt (<\/em><em><strong>15 euros annuels<\/strong><\/em><em>)<\/em>&nbsp;et donc, ouvrir au plus grand nombre la possibilit\u00e9 de faire du sport.<\/li><\/ul>\n\n\n\n<p><strong>Quels engagements et r\u00e8gles \u00e0 respecter pour s\u2019inscrire \u00e0 l\u2019AS&nbsp;?<\/strong><\/p>\n\n\n\n<p>L\u2019inscription \u00e0 l\u2019AS est facultative mais elle sous-entend l\u2019adh\u00e9sion des \u00e9l\u00e8ves \u00e0 plusieurs r\u00e8gles afin de participer pleinement et s\u00e9rieusement \u00e0 la vie associative.<\/p>\n\n\n\n<ul><li>Participation r\u00e9guli\u00e8re et investie aux entra\u00eenements tout au long de l\u2019ann\u00e9e dans l\u2019activit\u00e9 principalement choisie.<\/li><li>L\u2019engagement dans les comp\u00e9titions de district doit \u00eatre r\u00e9guli\u00e8re sinon elle p\u00e9nalise l\u2019\u00e9quipe engag\u00e9e et met \u00e0 mal l\u2019organisation m\u00eame de ces rencontres. Il est important de pr\u00e9venir \u00e0 l\u2019avance le professeur d\u2019une absence pr\u00e9vue.<\/li><li>S\u2019investir dans la formation des \u00ab&nbsp;jeunes officiels&nbsp;\u00bb, c\u2019est-\u00e0-dire pouvoir \u00eatre arbitre, juge, organisateur de rencontre en \u00e9tant form\u00e9 et \u00e9valu\u00e9 pour obtenir son niveau district, puis d\u00e9partemental, acad\u00e9mique et national.<\/li><\/ul>\n\n\n\n<p><strong>L&rsquo; organisation de notre AS&nbsp;pour l&rsquo;ann\u00e9e 2019\/2020<\/strong><\/p>\n\n\n\n<ul><li>C\u00e9line CATELAN DANSE<\/li><li>Pascal DEBRICON BADMINTON<\/li><li>Aymeric ESTORGES FUTSAL + T. de Table<\/li><li>Marie HIAULT FUTSAL + T. de Table<\/li><li>Julien LAFEUILLE HAND BALL + APPN + SPORT CO FILLES<\/li><li><strong>Possibilit\u00e9 pour les \u00e9l\u00e8ves de participer \u00e0 l\u2019activit\u00e9 natation<\/strong>, encadr\u00e9e par des coll\u00e8gues d\u2019EPS ext\u00e9rieurs<\/li><\/ul>\n\n\n\n<p><strong>Les entra\u00eenements<\/strong><\/p>\n\n\n\n<p>Ils ont lieu sur la pause m\u00e9ridienne tous les jours de la semaine ( de 12h \u00e0 13h ou de 13h \u00e0 14h) et le mercredi en d\u00e9but d&rsquo;apr\u00e8s midi.<\/p>\n\n\n\n<p><strong>Les comp\u00e9titions<\/strong><\/p>\n\n\n\n<p>Elles ont lieu le mercredi apr\u00e8s midi selon le calendrier district, d\u00e9partemental ou acad\u00e9mique.<\/p>\n\n\n\n<p><strong>Les r\u00e9sultats pour l&rsquo;ann\u00e9e 2018\/2019<\/strong><\/p>\n\n\n\n<figure class=\"wp-block-image size-large is-resized\"><img decoding=\"async\" loading=\"lazy\" src=\"http:\/\/clg-victor-hugo-bourges.tice.ac-orleans-tours.fr\/php5\/wp-content\/uploads\/2021\/03\/image.png\" alt=\"\" class=\"wp-image-233\" width=\"795\" height=\"337\" srcset=\"http:\/\/clg-victor-hugo-bourges.tice.ac-orleans-tours.fr\/php5\/wp-content\/uploads\/2021\/03\/image.png 690w, http:\/\/clg-victor-hugo-bourges.tice.ac-orleans-tours.fr\/php5\/wp-content\/uploads\/2021\/03\/image-300x127.png 300w\" sizes=\"(max-width: 795px) 100vw, 795px\" \/><\/figure>\n\n\n\n<p><strong>Ann\u00e9e 2020\/2021<\/strong><\/p>\n\n\n\n<p>En raison des conditions sanitaires actuelles, l&rsquo;AS du coll\u00e8ge Victor Hugo ne propose cette ann\u00e9e que des entra\u00eenements sans comp\u00e9titions ext\u00e9rieures. Pour ces m\u00eames raisons nous avons supprim\u00e9 les sports collectifs et les activit\u00e9s avec contacts.<\/p>\n\n\n\n<p>Les groupes sont fixes et pour \u00e9viter le brassage les entra\u00eenements sont r\u00e9partis par niveau de classe.<\/p>\n\n\n\n<p>Les activit\u00e9s propos\u00e9es sont les suivantes&nbsp;:<\/p>\n\n\n\n<ul><li>renforcement musculaire<\/li><li>tennis de table<\/li><li>badminton<\/li><\/ul>\n","protected":false},"excerpt":{"rendered":"<p>L\u2019AS est une association dans laquelle les \u00e9l\u00e8ves peuvent d\u00e9couvrir et pratiquer diverses activit\u00e9s sportives. Ces activit\u00e9s sont encadr\u00e9es par tous les professeurs d\u2019EPS du coll\u00e8ge. Quels objectifs pour notre AS&nbsp;? Prendre du plaisir&#46;&#46;&#46;<\/p>\n","protected":false},"author":2,"featured_media":0,"parent":0,"menu_order":0,"comment_status":"closed","ping_status":"closed","template":"","meta":[],"_links":{"self":[{"href":"http:\/\/clg-victor-hugo-bourges.tice.ac-orleans-tours.fr\/php5\/wp-json\/wp\/v2\/pages\/221"}],"collection":[{"href":"http:\/\/clg-victor-hugo-bourges.tice.ac-orleans-tours.fr\/php5\/wp-json\/wp\/v2\/pages"}],"about":[{"href":"http:\/\/clg-victor-hugo-bourges.tice.ac-orleans-tours.fr\/php5\/wp-json\/wp\/v2\/types\/page"}],"author":[{"embeddable":true,"href":"http:\/\/clg-victor-hugo-bourges.tice.ac-orleans-tours.fr\/php5\/wp-json\/wp\/v2\/users\/2"}],"replies":[{"embeddable":true,"href":"http:\/\/clg-victor-hugo-bourges.tice.ac-orleans-tours.fr\/php5\/wp-json\/wp\/v2\/comments?post=221"}],"version-history":[{"count":2,"href":"http:\/\/clg-victor-hugo-bourges.tice.ac-orleans-tours.fr\/php5\/wp-json\/wp\/v2\/pages\/221\/revisions"}],"predecessor-version":[{"id":234,"href":"http:\/\/clg-victor-hugo-bourges.tice.ac-orleans-tours.fr\/php5\/wp-json\/wp\/v2\/pages\/221\/revisions\/234"}],"wp:attachment":[{"href":"http:\/\/clg-victor-hugo-bourges.tice.ac-orleans-tours.fr\/php5\/wp-json\/wp\/v2\/media?parent=221"}],"curies":[{"name":"wp","href":"https:\/\/api.w.org\/{rel}","templated":true}]}}