{"id":107,"date":"2020-10-12T20:35:44","date_gmt":"2020-10-12T18:35:44","guid":{"rendered":"http:\/\/clg-victor-hugo-bourges.tice.ac-orleans-tours.fr\/php5\/?page_id=107"},"modified":"2020-10-12T20:35:45","modified_gmt":"2020-10-12T18:35:45","slug":"specificites-du-college","status":"publish","type":"page","link":"http:\/\/clg-victor-hugo-bourges.tice.ac-orleans-tours.fr\/php5\/specificites-du-college\/","title":{"rendered":"Sp\u00e9cificit\u00e9s du coll\u00e8ge"},"content":{"rendered":"","protected":false},"excerpt":{"rendered":"","protected":false},"author":1,"featured_media":0,"parent":0,"menu_order":0,"comment_status":"closed","ping_status":"closed","template":"","meta":[],"_links":{"self":[{"href":"http:\/\/clg-victor-hugo-bourges.tice.ac-orleans-tours.fr\/php5\/wp-json\/wp\/v2\/pages\/107"}],"collection":[{"href":"http:\/\/clg-victor-hugo-bourges.tice.ac-orleans-tours.fr\/php5\/wp-json\/wp\/v2\/pages"}],"about":[{"href":"http:\/\/clg-victor-hugo-bourges.tice.ac-orleans-tours.fr\/php5\/wp-json\/wp\/v2\/types\/page"}],"author":[{"embeddable":true,"href":"http:\/\/clg-victor-hugo-bourges.tice.ac-orleans-tours.fr\/php5\/wp-json\/wp\/v2\/users\/1"}],"replies":[{"embeddable":true,"href":"http:\/\/clg-victor-hugo-bourges.tice.ac-orleans-tours.fr\/php5\/wp-json\/wp\/v2\/comments?post=107"}],"version-history":[{"count":1,"href":"http:\/\/clg-victor-hugo-bourges.tice.ac-orleans-tours.fr\/php5\/wp-json\/wp\/v2\/pages\/107\/revisions"}],"predecessor-version":[{"id":108,"href":"http:\/\/clg-victor-hugo-bourges.tice.ac-orleans-tours.fr\/php5\/wp-json\/wp\/v2\/pages\/107\/revisions\/108"}],"wp:attachment":[{"href":"http:\/\/clg-victor-hugo-bourges.tice.ac-orleans-tours.fr\/php5\/wp-json\/wp\/v2\/media?parent=107"}],"curies":[{"name":"wp","href":"https:\/\/api.w.org\/{rel}","templated":true}]}}